{"id":339,"date":"2013-10-10T09:50:38","date_gmt":"2013-10-10T07:50:38","guid":{"rendered":"http:\/\/eup.bz.it\/wordpress\/?page_id=339"},"modified":"2025-07-23T09:53:30","modified_gmt":"2025-07-23T07:53:30","slug":"disposizioni","status":"publish","type":"page","link":"https:\/\/eup.bz.it\/it\/normative\/disposizioni\/","title":{"rendered":"Disposizioni"},"content":{"rendered":"<h1>FUEL MIX<\/h1>\n<table class=\"t1\" style=\"height: 470px;\" width=\"1200\" cellspacing=\"0\" cellpadding=\"0\">\n<tbody>\n<tr>\n<td class=\"td1\" valign=\"bottom\"><\/td>\n<td class=\"td2\" valign=\"middle\">\n<p style=\"text-align: center; padding-right: 50px;\"><b>Composizione del mix energetico per contratto (%)<\/b><\/p>\n<\/td>\n<td class=\"td3\" style=\"text-align: center;\" valign=\"middle\">\n<p style=\"text-align: center; padding-right: 50px;\"><b>Composizione del mix energetico nazionale utilizzato per la produzione di energia di energia elettrica immessa nel sistema elettrico italiano (%)<\/b><\/p>\n<\/td>\n<td class=\"td4\" valign=\"middle\">\n<p style=\"text-align: center; padding-right: 50px;\"><b>Composizione del mix energetico utilizzato per la produzione di energia elettrica venduta da EU | P Energie und Umwelt Passeier (%)<\/b><\/p>\n<\/td>\n<\/tr>\n<tr>\n<td class=\"td5\" valign=\"middle\">\n<p style=\"text-align: center; padding-right: 50px;\"><b>Fonti primarie utilizzate<\/b><\/p>\n<\/td>\n<td class=\"td6\" valign=\"middle\">\n<p style=\"text-align: center; padding-right: 50px;\"><b>2024 (dati provvisori)<\/b><\/p>\n<\/td>\n<td class=\"td7\" valign=\"middle\">\n<p style=\"text-align: center; padding-right: 50px;\"><b>2024 (dati provvisori)<\/b><\/p>\n<\/td>\n<td class=\"td8\" valign=\"middle\">\n<p style=\"text-align: center; padding-right: 50px;\"><b>2024 (dati provvisori)<\/b><\/p>\n<\/td>\n<\/tr>\n<tr>\n<td class=\"td9\" valign=\"top\">\n<p class=\"p2\">Fonti Rinnovabili<\/p>\n<\/td>\n<td class=\"td10\" valign=\"top\">\n<p class=\"p2\">8,04%<\/p>\n<\/td>\n<td class=\"td11\" valign=\"top\">\n<p class=\"p2\">51,83%<\/p>\n<\/td>\n<td class=\"td12\" valign=\"top\">\n<p class=\"p2\">8,04%<\/p>\n<\/td>\n<\/tr>\n<tr>\n<td class=\"td13\" valign=\"top\">\n<p class=\"p2\">Carbone<\/p>\n<\/td>\n<td class=\"td10\" valign=\"top\">\n<p class=\"p2\">11,88%<\/p>\n<\/td>\n<td class=\"td11\" valign=\"top\">\n<p class=\"p2\">1,52%<\/p>\n<\/td>\n<td class=\"td12\" valign=\"top\">\n<p class=\"p2\">11,88%<\/p>\n<\/td>\n<\/tr>\n<tr>\n<td class=\"td13\" valign=\"top\">\n<p class=\"p2\">Gas naturale<\/p>\n<\/td>\n<td class=\"td10\" valign=\"top\">\n<p class=\"p2\">66,51%<\/p>\n<\/td>\n<td class=\"td11\" valign=\"top\">\n<p class=\"p2\">42,01<\/p>\n<\/td>\n<td class=\"td12\" valign=\"top\">\n<p class=\"p2\">66,51%<\/p>\n<\/td>\n<\/tr>\n<tr>\n<td class=\"td13\" valign=\"top\">\n<p class=\"p2\">Prodotti Petroliferi<\/p>\n<\/td>\n<td class=\"td10\" valign=\"top\">\n<p class=\"p2\">1,11%<\/p>\n<\/td>\n<td class=\"td11\" valign=\"top\">\n<p class=\"p2\">0,47%<\/p>\n<\/td>\n<td class=\"td12\" valign=\"top\">\n<p class=\"p2\">1,11%<\/p>\n<\/td>\n<\/tr>\n<tr>\n<td class=\"td13\" valign=\"top\">\n<p class=\"p2\">Nucleare<\/p>\n<\/td>\n<td class=\"td10\" valign=\"top\">\n<p class=\"p2\">5,03%<\/p>\n<\/td>\n<td class=\"td11\" valign=\"top\">\n<p class=\"p2\">0,00%<\/p>\n<\/td>\n<td class=\"td12\" valign=\"top\">\n<p class=\"p2\">5,03%<\/p>\n<\/td>\n<\/tr>\n<tr>\n<td class=\"td13\" valign=\"top\">\n<p class=\"p2\">Lignite<\/p>\n<\/td>\n<td class=\"td10\" valign=\"top\">\n<p class=\"p2\">0,00%<\/p>\n<\/td>\n<td class=\"td11\" valign=\"top\">\n<p class=\"p2\">0,00%<\/p>\n<\/td>\n<td class=\"td12\" valign=\"top\">\n<p class=\"p2\">0,00%<\/p>\n<\/td>\n<\/tr>\n<tr>\n<td class=\"td13\" valign=\"top\">\n<p class=\"p2\">Altre fonti<\/p>\n<\/td>\n<td class=\"td10\" valign=\"top\">\n<p class=\"p2\">7,43%<\/p>\n<\/td>\n<td class=\"td11\" valign=\"top\">\n<p class=\"p2\">4,17%<\/p>\n<\/td>\n<td class=\"td12\" valign=\"top\">\n<p class=\"p2\">7,43%<\/p>\n<\/td>\n<\/tr>\n<\/tbody>\n<\/table>\n<p>&nbsp;<\/p>\n<hr \/>\n<p>&nbsp;<\/p>\n<h1>Disposizioni<\/h1>\n<h3>Bonus sociale<\/h3>\n<p>Il &#8220;bonus sociale&#8221; \u00e8 uno sconto applicato alle bollette di energia elettrica al fine di sostenere le famiglie in condizioni di disagio economico, garantendo cos\u00ec un risparmio sulla spesa annua di energia elettrica per 12 mesi.<br \/>\n<a title=\"Bonus sociale\" href=\"https:\/\/eup.bz.it\/it\/tariffa\/bonus-sociale\/\">\u00a0 &#8230;avanti<\/a><\/p>\n<p><img loading=\"lazy\" decoding=\"async\" class=\" size-full wp-image-101\" src=\"http:\/\/eup.bz.it\/wordpress\/wp-content\/uploads\/2013\/05\/linie.png\" alt=\"Trennlinie\" width=\"800\" height=\"2\" srcset=\"https:\/\/eup.bz.it\/wordpress\/wp-content\/uploads\/2013\/05\/linie.png 800w, https:\/\/eup.bz.it\/wordpress\/wp-content\/uploads\/2013\/05\/linie-150x2.png 150w\" sizes=\"auto, (max-width: 800px) 100vw, 800px\" \/><\/p>\n<h3>Autorit\u00e0 per l&#8217;energia elettrica<\/h3>\n<p>L&#8217;Autorit\u00e0 per l&#8217;energia elettrica e il gas \u00e8 un&#8217;autorit\u00e0 indipendente istituita con la legge 14 novembre 1995, n. 481 con funzioni di regolazione e di controllo dei settori dell&#8217;energia elettrica e del gas<br \/>\n<a title=\"http:\/\/www.autorita.energia.it\/\" href=\"http:\/\/www.autorita.energia.it\/\" target=\"_blank\" rel=\"noopener\">\u00a0 &#8230;avanti<\/a><\/p>\n<p><img loading=\"lazy\" decoding=\"async\" class=\" size-full wp-image-101\" src=\"http:\/\/eup.bz.it\/wordpress\/wp-content\/uploads\/2013\/05\/linie.png\" alt=\"Trennlinie\" width=\"800\" height=\"2\" srcset=\"https:\/\/eup.bz.it\/wordpress\/wp-content\/uploads\/2013\/05\/linie.png 800w, https:\/\/eup.bz.it\/wordpress\/wp-content\/uploads\/2013\/05\/linie-150x2.png 150w\" sizes=\"auto, (max-width: 800px) 100vw, 800px\" \/><\/p>\n<h3>Contributo straordinario per la fornitura di energia<\/h3>\n<p>Per l&#8217;anno 2025 viene riconosciuto un contributo straordinario del valore di 200 euro sulle forniture di energia elettrica dei clienti domestici con valori dell&#8217;indicatore della situazione economica equivalente (ISEE) fino a 25.000 euro.<\/p>\n<p>&nbsp;<\/p>\n","protected":false},"excerpt":{"rendered":"<p>FUEL MIX Composizione del mix energetico per contratto (%) Composizione del mix energetico nazionale utilizzato per la produzione di energia di energia elettrica immessa nel sistema elettrico italiano (%) Composizione del mix energetico utilizzato per la produzione di energia elettrica venduta da EU | P Energie und Umwelt Passeier (%) Fonti primarie utilizzate 2024 (dati [&hellip;]<\/p>\n","protected":false},"author":1,"featured_media":0,"parent":337,"menu_order":1,"comment_status":"closed","ping_status":"closed","template":"","meta":{"footnotes":""},"class_list":["post-339","page","type-page","status-publish","hentry"],"yoast_head":"<!-- This site is optimized with the Yoast SEO plugin v27.2 - https:\/\/yoast.com\/product\/yoast-seo-wordpress\/ -->\n<title>Disposizioni ~ EU | P KONSORTIAL GMBH<\/title>\n<meta name=\"robots\" content=\"index, follow, max-snippet:-1, max-image-preview:large, max-video-preview:-1\" \/>\n<link rel=\"canonical\" href=\"https:\/\/eup.bz.it\/it\/normative\/disposizioni\/\" \/>\n<meta property=\"og:locale\" content=\"it_IT\" \/>\n<meta property=\"og:type\" content=\"article\" \/>\n<meta property=\"og:title\" content=\"Disposizioni ~ EU | P KONSORTIAL GMBH\" \/>\n<meta property=\"og:description\" content=\"FUEL MIX Composizione del mix energetico per contratto (%) Composizione del mix energetico nazionale utilizzato per la produzione di energia di energia elettrica immessa nel sistema elettrico italiano (%) Composizione del mix energetico utilizzato per la produzione di energia elettrica venduta da EU | P Energie und Umwelt Passeier (%) Fonti primarie utilizzate 2024 (dati [&hellip;]\" \/>\n<meta property=\"og:url\" content=\"https:\/\/eup.bz.it\/it\/normative\/disposizioni\/\" \/>\n<meta property=\"og:site_name\" content=\"EU | P KONSORTIAL GMBH\" \/>\n<meta property=\"article:modified_time\" content=\"2025-07-23T07:53:30+00:00\" \/>\n<meta property=\"og:image\" content=\"http:\/\/eup.bz.it\/wordpress\/wp-content\/uploads\/2013\/05\/linie.png\" \/>\n<meta name=\"twitter:label1\" content=\"Tempo di lettura stimato\" \/>\n\t<meta name=\"twitter:data1\" content=\"1 minute\" \/>\n<script type=\"application\/ld+json\" class=\"yoast-schema-graph\">{\"@context\":\"https:\/\/schema.org\",\"@graph\":[{\"@type\":\"WebPage\",\"@id\":\"https:\/\/eup.bz.it\/it\/normative\/disposizioni\/\",\"url\":\"https:\/\/eup.bz.it\/it\/normative\/disposizioni\/\",\"name\":\"Disposizioni ~ EU | P KONSORTIAL GMBH\",\"isPartOf\":{\"@id\":\"https:\/\/eup.bz.it\/#website\"},\"primaryImageOfPage\":{\"@id\":\"https:\/\/eup.bz.it\/it\/normative\/disposizioni\/#primaryimage\"},\"image\":{\"@id\":\"https:\/\/eup.bz.it\/it\/normative\/disposizioni\/#primaryimage\"},\"thumbnailUrl\":\"http:\/\/eup.bz.it\/wordpress\/wp-content\/uploads\/2013\/05\/linie.png\",\"datePublished\":\"2013-10-10T07:50:38+00:00\",\"dateModified\":\"2025-07-23T07:53:30+00:00\",\"breadcrumb\":{\"@id\":\"https:\/\/eup.bz.it\/it\/normative\/disposizioni\/#breadcrumb\"},\"inLanguage\":\"it-IT\",\"potentialAction\":[{\"@type\":\"ReadAction\",\"target\":[\"https:\/\/eup.bz.it\/it\/normative\/disposizioni\/\"]}]},{\"@type\":\"ImageObject\",\"inLanguage\":\"it-IT\",\"@id\":\"https:\/\/eup.bz.it\/it\/normative\/disposizioni\/#primaryimage\",\"url\":\"http:\/\/eup.bz.it\/wordpress\/wp-content\/uploads\/2013\/05\/linie.png\",\"contentUrl\":\"http:\/\/eup.bz.it\/wordpress\/wp-content\/uploads\/2013\/05\/linie.png\"},{\"@type\":\"BreadcrumbList\",\"@id\":\"https:\/\/eup.bz.it\/it\/normative\/disposizioni\/#breadcrumb\",\"itemListElement\":[{\"@type\":\"ListItem\",\"position\":1,\"name\":\"Start\",\"item\":\"https:\/\/eup.bz.it\/it\/impresa\/linee-guida\/\"},{\"@type\":\"ListItem\",\"position\":2,\"name\":\"Normative\",\"item\":\"https:\/\/eup.bz.it\/it\/normative\/\"},{\"@type\":\"ListItem\",\"position\":3,\"name\":\"Disposizioni\"}]},{\"@type\":\"WebSite\",\"@id\":\"https:\/\/eup.bz.it\/#website\",\"url\":\"https:\/\/eup.bz.it\/\",\"name\":\"EU | P KONSORTIAL GMBH\",\"description\":\"Die EUP (Energie und Umwelt Passeier) setzt sich zum Ziel, ihre Mitglieder mit kosteng\u00fcnstigem Strom zu versorgen, unabh\u00e4ngig von den staatlichen Energiepreisen.\",\"publisher\":{\"@id\":\"https:\/\/eup.bz.it\/#organization\"},\"potentialAction\":[{\"@type\":\"SearchAction\",\"target\":{\"@type\":\"EntryPoint\",\"urlTemplate\":\"https:\/\/eup.bz.it\/?s={search_term_string}\"},\"query-input\":{\"@type\":\"PropertyValueSpecification\",\"valueRequired\":true,\"valueName\":\"search_term_string\"}}],\"inLanguage\":\"it-IT\"},{\"@type\":\"Organization\",\"@id\":\"https:\/\/eup.bz.it\/#organization\",\"name\":\"Energie und Umwelt Passeier\",\"url\":\"https:\/\/eup.bz.it\/\",\"logo\":{\"@type\":\"ImageObject\",\"inLanguage\":\"it-IT\",\"@id\":\"https:\/\/eup.bz.it\/#\/schema\/logo\/image\/\",\"url\":\"https:\/\/eup.bz.it\/wordpress\/wp-content\/uploads\/2026\/03\/Bildschirmfoto-2026-03-18-um-06.40.16.png\",\"contentUrl\":\"https:\/\/eup.bz.it\/wordpress\/wp-content\/uploads\/2026\/03\/Bildschirmfoto-2026-03-18-um-06.40.16.png\",\"width\":374,\"height\":238,\"caption\":\"Energie und Umwelt Passeier\"},\"image\":{\"@id\":\"https:\/\/eup.bz.it\/#\/schema\/logo\/image\/\"}}]}<\/script>\n<!-- \/ Yoast SEO plugin. -->","yoast_head_json":{"title":"Disposizioni ~ EU | P KONSORTIAL GMBH","robots":{"index":"index","follow":"follow","max-snippet":"max-snippet:-1","max-image-preview":"max-image-preview:large","max-video-preview":"max-video-preview:-1"},"canonical":"https:\/\/eup.bz.it\/it\/normative\/disposizioni\/","og_locale":"it_IT","og_type":"article","og_title":"Disposizioni ~ EU | P KONSORTIAL GMBH","og_description":"FUEL MIX Composizione del mix energetico per contratto (%) Composizione del mix energetico nazionale utilizzato per la produzione di energia di energia elettrica immessa nel sistema elettrico italiano (%) Composizione del mix energetico utilizzato per la produzione di energia elettrica venduta da EU | P Energie und Umwelt Passeier (%) Fonti primarie utilizzate 2024 (dati [&hellip;]","og_url":"https:\/\/eup.bz.it\/it\/normative\/disposizioni\/","og_site_name":"EU | P KONSORTIAL GMBH","article_modified_time":"2025-07-23T07:53:30+00:00","og_image":[{"url":"http:\/\/eup.bz.it\/wordpress\/wp-content\/uploads\/2013\/05\/linie.png","type":"","width":"","height":""}],"twitter_misc":{"Tempo di lettura stimato":"1 minute"},"schema":{"@context":"https:\/\/schema.org","@graph":[{"@type":"WebPage","@id":"https:\/\/eup.bz.it\/it\/normative\/disposizioni\/","url":"https:\/\/eup.bz.it\/it\/normative\/disposizioni\/","name":"Disposizioni ~ EU | P KONSORTIAL GMBH","isPartOf":{"@id":"https:\/\/eup.bz.it\/#website"},"primaryImageOfPage":{"@id":"https:\/\/eup.bz.it\/it\/normative\/disposizioni\/#primaryimage"},"image":{"@id":"https:\/\/eup.bz.it\/it\/normative\/disposizioni\/#primaryimage"},"thumbnailUrl":"http:\/\/eup.bz.it\/wordpress\/wp-content\/uploads\/2013\/05\/linie.png","datePublished":"2013-10-10T07:50:38+00:00","dateModified":"2025-07-23T07:53:30+00:00","breadcrumb":{"@id":"https:\/\/eup.bz.it\/it\/normative\/disposizioni\/#breadcrumb"},"inLanguage":"it-IT","potentialAction":[{"@type":"ReadAction","target":["https:\/\/eup.bz.it\/it\/normative\/disposizioni\/"]}]},{"@type":"ImageObject","inLanguage":"it-IT","@id":"https:\/\/eup.bz.it\/it\/normative\/disposizioni\/#primaryimage","url":"http:\/\/eup.bz.it\/wordpress\/wp-content\/uploads\/2013\/05\/linie.png","contentUrl":"http:\/\/eup.bz.it\/wordpress\/wp-content\/uploads\/2013\/05\/linie.png"},{"@type":"BreadcrumbList","@id":"https:\/\/eup.bz.it\/it\/normative\/disposizioni\/#breadcrumb","itemListElement":[{"@type":"ListItem","position":1,"name":"Start","item":"https:\/\/eup.bz.it\/it\/impresa\/linee-guida\/"},{"@type":"ListItem","position":2,"name":"Normative","item":"https:\/\/eup.bz.it\/it\/normative\/"},{"@type":"ListItem","position":3,"name":"Disposizioni"}]},{"@type":"WebSite","@id":"https:\/\/eup.bz.it\/#website","url":"https:\/\/eup.bz.it\/","name":"EU | P KONSORTIAL GMBH","description":"Die EUP (Energie und Umwelt Passeier) setzt sich zum Ziel, ihre Mitglieder mit kosteng\u00fcnstigem Strom zu versorgen, unabh\u00e4ngig von den staatlichen Energiepreisen.","publisher":{"@id":"https:\/\/eup.bz.it\/#organization"},"potentialAction":[{"@type":"SearchAction","target":{"@type":"EntryPoint","urlTemplate":"https:\/\/eup.bz.it\/?s={search_term_string}"},"query-input":{"@type":"PropertyValueSpecification","valueRequired":true,"valueName":"search_term_string"}}],"inLanguage":"it-IT"},{"@type":"Organization","@id":"https:\/\/eup.bz.it\/#organization","name":"Energie und Umwelt Passeier","url":"https:\/\/eup.bz.it\/","logo":{"@type":"ImageObject","inLanguage":"it-IT","@id":"https:\/\/eup.bz.it\/#\/schema\/logo\/image\/","url":"https:\/\/eup.bz.it\/wordpress\/wp-content\/uploads\/2026\/03\/Bildschirmfoto-2026-03-18-um-06.40.16.png","contentUrl":"https:\/\/eup.bz.it\/wordpress\/wp-content\/uploads\/2026\/03\/Bildschirmfoto-2026-03-18-um-06.40.16.png","width":374,"height":238,"caption":"Energie und Umwelt Passeier"},"image":{"@id":"https:\/\/eup.bz.it\/#\/schema\/logo\/image\/"}}]}},"_links":{"self":[{"href":"https:\/\/eup.bz.it\/it\/wp-json\/wp\/v2\/pages\/339","targetHints":{"allow":["GET"]}}],"collection":[{"href":"https:\/\/eup.bz.it\/it\/wp-json\/wp\/v2\/pages"}],"about":[{"href":"https:\/\/eup.bz.it\/it\/wp-json\/wp\/v2\/types\/page"}],"author":[{"embeddable":true,"href":"https:\/\/eup.bz.it\/it\/wp-json\/wp\/v2\/users\/1"}],"replies":[{"embeddable":true,"href":"https:\/\/eup.bz.it\/it\/wp-json\/wp\/v2\/comments?post=339"}],"version-history":[{"count":21,"href":"https:\/\/eup.bz.it\/it\/wp-json\/wp\/v2\/pages\/339\/revisions"}],"predecessor-version":[{"id":806,"href":"https:\/\/eup.bz.it\/it\/wp-json\/wp\/v2\/pages\/339\/revisions\/806"}],"up":[{"embeddable":true,"href":"https:\/\/eup.bz.it\/it\/wp-json\/wp\/v2\/pages\/337"}],"wp:attachment":[{"href":"https:\/\/eup.bz.it\/it\/wp-json\/wp\/v2\/media?parent=339"}],"curies":[{"name":"wp","href":"https:\/\/api.w.org\/{rel}","templated":true}]}}