{"id":350,"date":"2013-10-10T11:26:20","date_gmt":"2013-10-10T09:26:20","guid":{"rendered":"http:\/\/eup.bz.it\/wordpress\/?page_id=350"},"modified":"2022-07-11T08:51:54","modified_gmt":"2022-07-11T06:51:54","slug":"bonus-sociale","status":"publish","type":"page","link":"https:\/\/eup.bz.it\/it\/tariffa\/bonus-sociale\/","title":{"rendered":"Bonus sociale"},"content":{"rendered":"<h1>Bonus sociale<\/h1>\n<p><strong>Bonus sociale sulla fornitura di energia elettrica<\/strong><\/p>\n<p>Da gennaio 2009 \u00e8 attivo il cosiddetto &#8220;<strong>bonus sociale<\/strong>&#8221; (ovvero \u201cil regime di compensazione della spesa sostenuta dai clienti domestici per la fornitura di energia elettrica\u201d).<\/p>\n<p>Tale compensazione, sotto forma di sconto applicato nella bolletta per la fornitura di energia elettrica, \u00e8 uno strumento introdotto dal Governo che ha l\u2019obiettivo di sostenere le famiglie in condizione di disagio economico e\/o fisico, garantendo loro un risparmio sulla spesa annua per energia elettrica.<\/p>\n<p>Le condizioni necessarie per avere diritto ai <strong>bonus sociale per disagio economico<\/strong> sono:<\/p>\n<ul>\n<li>appartenere\u00a0ad un nucleo familiare con indicatore ISEE non superiore a 8.265 euro, oppure<\/li>\n<li>appartenere\u00a0ad un nucleo familiare con almeno 4 figli a carico (famiglia numerosa) e indicatore ISEE non superiore a 20.000 euro, oppure<\/li>\n<li>appartenere\u00a0ad un nucleo familiare titolare di Reddito di cittadinanza o Pensione di cittadinanza.<\/li>\n<\/ul>\n<p>Uno dei componenti\u00a0del nucleo familiare ISEE deve essere intestatario di un contratto di fornitura elettrica con tariffa per usi domestici e attivo. Ogni nucleo familiare ha diritto a un solo bonus per tipologia &#8211; elettrico, gas, idrico &#8211; per anno di competenza.<\/p>\n<p>Dal 1\u00b0 gennaio 2021 tutti i bonus sociali per disagio economico, tra cui quello elettrico,\u00a0saranno riconosciuti automaticamente ai cittadini\/nuclei familiari che ne hanno diritto, senza che questi debbano presentare domanda.<\/p>\n<p>Sar\u00e0 sufficiente che ogni anno, a partire dal 2021, il cittadino\/nucleo familiare presenti la\u00a0Dichiarazione Sostitutiva Unica\u00a0(DSU) per ottenere l\u2019attestazione\u00a0ISEE\u00a0utile per le differenti prestazioni sociali agevolate (es.: assegno di maternit\u00e0, mensa scolastica, bonus beb\u00e8 ecc.).<\/p>\n<p>Hanno invece diritto al <strong>bonus sociale per disagio<\/strong> <strong>fisico<\/strong> tutti i clienti domestici presso i quali vive un soggetto affetto da grave malattia, costretto ad utilizzare apparecchiature elettromedicali necessarie per il mantenimento in vita.<\/p>\n<p>Per accedere al bonus sociale per disagio fisico il cittadino deve recarsi presso il proprio Comune di residenza o presso altro istituto da questo designato, presentando l\u2019apposita modulistica compilata in ogni sua parte. Il modulo \u00e8 reperibile sul sito dell\u2019Autorit\u00e0 di Regolazione per Energia Reti e Ambiente <a href=\"http:\/\/www.arera.it\/\" target=\"_blank\" rel=\"noopener\">www.arera.it<\/a>.<\/p>\n<p>Per compilare il modulo sono necessarie le informazioni relative al contratto di fornitura di energia elettrica (facilmente reperibili sulle bollette). Per richiedere il bonus sociale \u00e8 inoltre indispensabile una apposita certificazione della ASL, unitamente alla copia del proprio documento di identit\u00e0. Non \u00e8 richiesta la presentazione dell\u2019ISEE.<\/p>\n<p><strong><u>I due bonus (bonus sociale per disagio economico e bonus sociale per disagio fisico) sono cumulabili qualora ricorrano i rispettivi requisiti di ammissibilit\u00e0.<\/u><\/strong><\/p>\n<h5><strong>Ulteriori informazioni<\/strong><\/h5>\n<p>Per ulteriori informazioni \u00e8 possibile consultare il sito internet dell\u2019Autorit\u00e0 di Regolazione per Energia Reti e Ambiente <a href=\"http:\/\/www.arera.it\/\" target=\"_blank\" rel=\"noopener\"><strong>www.arera.it<\/strong><\/a> o chiamare lo <em>Sportello per il Consumatore Energia e Ambiente<\/em> al numero verde 800.166.654.<\/p>\n","protected":false},"excerpt":{"rendered":"<p>Bonus sociale Bonus sociale sulla fornitura di energia elettrica Da gennaio 2009 \u00e8 attivo il cosiddetto &#8220;bonus sociale&#8221; (ovvero \u201cil regime di compensazione della spesa sostenuta dai clienti domestici per la fornitura di energia elettrica\u201d). Tale compensazione, sotto forma di sconto applicato nella bolletta per la fornitura di energia elettrica, \u00e8 uno strumento introdotto dal [&hellip;]<\/p>\n","protected":false},"author":1,"featured_media":0,"parent":345,"menu_order":2,"comment_status":"closed","ping_status":"closed","template":"","meta":{"footnotes":""},"class_list":["post-350","page","type-page","status-publish","hentry"],"yoast_head":"<!-- This site is optimized with the Yoast SEO plugin v27.2 - https:\/\/yoast.com\/product\/yoast-seo-wordpress\/ -->\n<title>Bonus sociale ~ EU | P KONSORTIAL GMBH<\/title>\n<meta name=\"robots\" content=\"index, follow, max-snippet:-1, max-image-preview:large, max-video-preview:-1\" \/>\n<link rel=\"canonical\" href=\"https:\/\/eup.bz.it\/it\/tariffa\/bonus-sociale\/\" \/>\n<meta property=\"og:locale\" content=\"it_IT\" \/>\n<meta property=\"og:type\" content=\"article\" \/>\n<meta property=\"og:title\" content=\"Bonus sociale ~ EU | P KONSORTIAL GMBH\" \/>\n<meta property=\"og:description\" content=\"Bonus sociale Bonus sociale sulla fornitura di energia elettrica Da gennaio 2009 \u00e8 attivo il cosiddetto &#8220;bonus sociale&#8221; (ovvero \u201cil regime di compensazione della spesa sostenuta dai clienti domestici per la fornitura di energia elettrica\u201d). Tale compensazione, sotto forma di sconto applicato nella bolletta per la fornitura di energia elettrica, \u00e8 uno strumento introdotto dal [&hellip;]\" \/>\n<meta property=\"og:url\" content=\"https:\/\/eup.bz.it\/it\/tariffa\/bonus-sociale\/\" \/>\n<meta property=\"og:site_name\" content=\"EU | P KONSORTIAL GMBH\" \/>\n<meta property=\"article:modified_time\" content=\"2022-07-11T06:51:54+00:00\" \/>\n<meta property=\"og:image\" content=\"https:\/\/eup.bz.it\/wordpress\/wp-content\/uploads\/2013\/05\/diagramm_beteiligung.png\" \/>\n\t<meta property=\"og:image:width\" content=\"342\" \/>\n\t<meta property=\"og:image:height\" content=\"373\" \/>\n\t<meta property=\"og:image:type\" content=\"image\/png\" \/>\n<meta name=\"twitter:label1\" content=\"Tempo di lettura stimato\" \/>\n\t<meta name=\"twitter:data1\" content=\"2 minutes\" \/>\n<script type=\"application\/ld+json\" class=\"yoast-schema-graph\">{\"@context\":\"https:\/\/schema.org\",\"@graph\":[{\"@type\":\"WebPage\",\"@id\":\"https:\/\/eup.bz.it\/it\/tariffa\/bonus-sociale\/\",\"url\":\"https:\/\/eup.bz.it\/it\/tariffa\/bonus-sociale\/\",\"name\":\"Bonus sociale ~ EU | P KONSORTIAL GMBH\",\"isPartOf\":{\"@id\":\"https:\/\/eup.bz.it\/#website\"},\"datePublished\":\"2013-10-10T09:26:20+00:00\",\"dateModified\":\"2022-07-11T06:51:54+00:00\",\"breadcrumb\":{\"@id\":\"https:\/\/eup.bz.it\/it\/tariffa\/bonus-sociale\/#breadcrumb\"},\"inLanguage\":\"it-IT\",\"potentialAction\":[{\"@type\":\"ReadAction\",\"target\":[\"https:\/\/eup.bz.it\/it\/tariffa\/bonus-sociale\/\"]}]},{\"@type\":\"BreadcrumbList\",\"@id\":\"https:\/\/eup.bz.it\/it\/tariffa\/bonus-sociale\/#breadcrumb\",\"itemListElement\":[{\"@type\":\"ListItem\",\"position\":1,\"name\":\"Start\",\"item\":\"https:\/\/eup.bz.it\/it\/impresa\/linee-guida\/\"},{\"@type\":\"ListItem\",\"position\":2,\"name\":\"Tariffa\",\"item\":\"https:\/\/eup.bz.it\/it\/tariffa\/\"},{\"@type\":\"ListItem\",\"position\":3,\"name\":\"Bonus sociale\"}]},{\"@type\":\"WebSite\",\"@id\":\"https:\/\/eup.bz.it\/#website\",\"url\":\"https:\/\/eup.bz.it\/\",\"name\":\"EU | P KONSORTIAL GMBH\",\"description\":\"Die EUP (Energie und Umwelt Passeier) setzt sich zum Ziel, ihre Mitglieder mit kosteng\u00fcnstigem Strom zu versorgen, unabh\u00e4ngig von den staatlichen Energiepreisen.\",\"publisher\":{\"@id\":\"https:\/\/eup.bz.it\/#organization\"},\"potentialAction\":[{\"@type\":\"SearchAction\",\"target\":{\"@type\":\"EntryPoint\",\"urlTemplate\":\"https:\/\/eup.bz.it\/?s={search_term_string}\"},\"query-input\":{\"@type\":\"PropertyValueSpecification\",\"valueRequired\":true,\"valueName\":\"search_term_string\"}}],\"inLanguage\":\"it-IT\"},{\"@type\":\"Organization\",\"@id\":\"https:\/\/eup.bz.it\/#organization\",\"name\":\"Energie und Umwelt Passeier\",\"url\":\"https:\/\/eup.bz.it\/\",\"logo\":{\"@type\":\"ImageObject\",\"inLanguage\":\"it-IT\",\"@id\":\"https:\/\/eup.bz.it\/#\/schema\/logo\/image\/\",\"url\":\"https:\/\/eup.bz.it\/wordpress\/wp-content\/uploads\/2026\/03\/Bildschirmfoto-2026-03-18-um-06.40.16.png\",\"contentUrl\":\"https:\/\/eup.bz.it\/wordpress\/wp-content\/uploads\/2026\/03\/Bildschirmfoto-2026-03-18-um-06.40.16.png\",\"width\":374,\"height\":238,\"caption\":\"Energie und Umwelt Passeier\"},\"image\":{\"@id\":\"https:\/\/eup.bz.it\/#\/schema\/logo\/image\/\"}}]}<\/script>\n<!-- \/ Yoast SEO plugin. -->","yoast_head_json":{"title":"Bonus sociale ~ EU | P KONSORTIAL GMBH","robots":{"index":"index","follow":"follow","max-snippet":"max-snippet:-1","max-image-preview":"max-image-preview:large","max-video-preview":"max-video-preview:-1"},"canonical":"https:\/\/eup.bz.it\/it\/tariffa\/bonus-sociale\/","og_locale":"it_IT","og_type":"article","og_title":"Bonus sociale ~ EU | P KONSORTIAL GMBH","og_description":"Bonus sociale Bonus sociale sulla fornitura di energia elettrica Da gennaio 2009 \u00e8 attivo il cosiddetto &#8220;bonus sociale&#8221; (ovvero \u201cil regime di compensazione della spesa sostenuta dai clienti domestici per la fornitura di energia elettrica\u201d). Tale compensazione, sotto forma di sconto applicato nella bolletta per la fornitura di energia elettrica, \u00e8 uno strumento introdotto dal [&hellip;]","og_url":"https:\/\/eup.bz.it\/it\/tariffa\/bonus-sociale\/","og_site_name":"EU | P KONSORTIAL GMBH","article_modified_time":"2022-07-11T06:51:54+00:00","og_image":[{"width":342,"height":373,"url":"https:\/\/eup.bz.it\/wordpress\/wp-content\/uploads\/2013\/05\/diagramm_beteiligung.png","type":"image\/png"}],"twitter_misc":{"Tempo di lettura stimato":"2 minutes"},"schema":{"@context":"https:\/\/schema.org","@graph":[{"@type":"WebPage","@id":"https:\/\/eup.bz.it\/it\/tariffa\/bonus-sociale\/","url":"https:\/\/eup.bz.it\/it\/tariffa\/bonus-sociale\/","name":"Bonus sociale ~ EU | P KONSORTIAL GMBH","isPartOf":{"@id":"https:\/\/eup.bz.it\/#website"},"datePublished":"2013-10-10T09:26:20+00:00","dateModified":"2022-07-11T06:51:54+00:00","breadcrumb":{"@id":"https:\/\/eup.bz.it\/it\/tariffa\/bonus-sociale\/#breadcrumb"},"inLanguage":"it-IT","potentialAction":[{"@type":"ReadAction","target":["https:\/\/eup.bz.it\/it\/tariffa\/bonus-sociale\/"]}]},{"@type":"BreadcrumbList","@id":"https:\/\/eup.bz.it\/it\/tariffa\/bonus-sociale\/#breadcrumb","itemListElement":[{"@type":"ListItem","position":1,"name":"Start","item":"https:\/\/eup.bz.it\/it\/impresa\/linee-guida\/"},{"@type":"ListItem","position":2,"name":"Tariffa","item":"https:\/\/eup.bz.it\/it\/tariffa\/"},{"@type":"ListItem","position":3,"name":"Bonus sociale"}]},{"@type":"WebSite","@id":"https:\/\/eup.bz.it\/#website","url":"https:\/\/eup.bz.it\/","name":"EU | P KONSORTIAL GMBH","description":"Die EUP (Energie und Umwelt Passeier) setzt sich zum Ziel, ihre Mitglieder mit kosteng\u00fcnstigem Strom zu versorgen, unabh\u00e4ngig von den staatlichen Energiepreisen.","publisher":{"@id":"https:\/\/eup.bz.it\/#organization"},"potentialAction":[{"@type":"SearchAction","target":{"@type":"EntryPoint","urlTemplate":"https:\/\/eup.bz.it\/?s={search_term_string}"},"query-input":{"@type":"PropertyValueSpecification","valueRequired":true,"valueName":"search_term_string"}}],"inLanguage":"it-IT"},{"@type":"Organization","@id":"https:\/\/eup.bz.it\/#organization","name":"Energie und Umwelt Passeier","url":"https:\/\/eup.bz.it\/","logo":{"@type":"ImageObject","inLanguage":"it-IT","@id":"https:\/\/eup.bz.it\/#\/schema\/logo\/image\/","url":"https:\/\/eup.bz.it\/wordpress\/wp-content\/uploads\/2026\/03\/Bildschirmfoto-2026-03-18-um-06.40.16.png","contentUrl":"https:\/\/eup.bz.it\/wordpress\/wp-content\/uploads\/2026\/03\/Bildschirmfoto-2026-03-18-um-06.40.16.png","width":374,"height":238,"caption":"Energie und Umwelt Passeier"},"image":{"@id":"https:\/\/eup.bz.it\/#\/schema\/logo\/image\/"}}]}},"_links":{"self":[{"href":"https:\/\/eup.bz.it\/it\/wp-json\/wp\/v2\/pages\/350","targetHints":{"allow":["GET"]}}],"collection":[{"href":"https:\/\/eup.bz.it\/it\/wp-json\/wp\/v2\/pages"}],"about":[{"href":"https:\/\/eup.bz.it\/it\/wp-json\/wp\/v2\/types\/page"}],"author":[{"embeddable":true,"href":"https:\/\/eup.bz.it\/it\/wp-json\/wp\/v2\/users\/1"}],"replies":[{"embeddable":true,"href":"https:\/\/eup.bz.it\/it\/wp-json\/wp\/v2\/comments?post=350"}],"version-history":[{"count":2,"href":"https:\/\/eup.bz.it\/it\/wp-json\/wp\/v2\/pages\/350\/revisions"}],"predecessor-version":[{"id":653,"href":"https:\/\/eup.bz.it\/it\/wp-json\/wp\/v2\/pages\/350\/revisions\/653"}],"up":[{"embeddable":true,"href":"https:\/\/eup.bz.it\/it\/wp-json\/wp\/v2\/pages\/345"}],"wp:attachment":[{"href":"https:\/\/eup.bz.it\/it\/wp-json\/wp\/v2\/media?parent=350"}],"curies":[{"name":"wp","href":"https:\/\/api.w.org\/{rel}","templated":true}]}}