{"id":364,"date":"2013-10-10T13:54:05","date_gmt":"2013-10-10T11:54:05","guid":{"rendered":"http:\/\/eup.bz.it\/wordpress\/?page_id=364"},"modified":"2013-10-11T11:07:35","modified_gmt":"2013-10-11T09:07:35","slug":"zaehler-wieder-einschalten","status":"publish","type":"page","link":"https:\/\/eup.bz.it\/it\/assistenza\/zaehler-wieder-einschalten\/","title":{"rendered":"Reset Contatori"},"content":{"rendered":"<h1>Reset Contatori<\/h1>\n<h3><strong>Funzionamento dell&#8217;interruzione della potenza<\/strong><\/h3>\n<p><strong>Esempio:<\/strong><br \/>\nPotenza contrattuale = 3000 W<br \/>\nPotenza disponibile = 3300 W<br \/>\nPotenza massima brevemente disponibile = 4100 W<br \/>\nPeriodo di superamento potenza disponibile = 5640 s<br \/>\nPeriodo di superamento potenza massima = 240 s<\/p>\n<p>&nbsp;<\/p>\n<h3><strong> a) La potenza attuale si trova tra 3300 W e 4100 W<\/strong><\/h3>\n<p>Quando il valore momentaneo della presa di potenza si trova nel primo livello tra i 3300 W ed i 4100 W per pi\u00f9 di 5640 secondi l&#8217; indicatore d&#8217; allarme &#8211; il quinto cursore A1\/A2 (allarme 1) inizia a lampeggiare. Se dopo il decorso di 5640 secondi il valore della potenza momentanea si trova ancora al livello di 3300 W e 4100 W, l&#8217; indicatore d&#8217; allarme &#8211; il quinto cursore A1\/A2, rimane acceso in continuazione (allarme 2).<\/p>\n<p>In questo caso \u00e8 d&#8217;obbligo diminuire il consumo altrimenti il contatore elettronico dopo un periodo predefinito disinserir\u00e0 il punto di presa. Dopo il decorso del doppio valore di 5640 secondi (94 minuti), ossia dopo 11280 secondi (188 minuti) il contatore elettronico disinserisce il punto di presa.<\/p>\n<p><img loading=\"lazy\" decoding=\"async\" class=\"alignleft size-full wp-image-101\" alt=\"Trennlinie\" src=\"http:\/\/eup.bz.it\/wordpress\/wp-content\/uploads\/2013\/05\/linie.png\" width=\"800\" height=\"2\" srcset=\"https:\/\/eup.bz.it\/wordpress\/wp-content\/uploads\/2013\/05\/linie.png 800w, https:\/\/eup.bz.it\/wordpress\/wp-content\/uploads\/2013\/05\/linie-150x2.png 150w\" sizes=\"auto, (max-width: 800px) 100vw, 800px\" \/><\/p>\n<p>&nbsp;<\/p>\n<h3>Procedure per il reinserimento della presa nel caso di interruzione:<\/h3>\n<p>Quando il contatore ha disinserito l&#8217;utente e l&#8217; utente attiva l&#8217; interruttore per riattivare la fornitura questa azione non avr\u00e0 esito, perch\u00e8 il contatore lo disinserir\u00e0 nuovamente. Sul display del contatore appare il messaggio ConnEct, e simultaneamente si illumina il sesto cursore SD (switching device\/interruttore) ossia il cursore che informa, che ora \u00e8 possibile attivare l&#8217; interruttore a condizione, che il consumo sia stato previamente diminuito. Questo stato del contatore suggerisce, che per un nuovo inserimento del&#8217; utente \u00e8 necessario proseguire nel seguente modo:<\/p>\n<p>&#8211; premere e mantenere premuto il tasto blu sul contatore fintantoch\u00e8 sul display del contatore il messaggio ConnEct non si trasformi in EntEr; immediatamente dopo rilasciare il tasto blu, si deve udire il clic del relay che commuta.<\/p>\n<p>&#8211; dopo di che sar\u00e0 necessario attivare l&#8217; interruttore manualmente.<\/p>\n<p>&nbsp;<\/p>\n<p><img loading=\"lazy\" decoding=\"async\" class=\"alignleft size-full wp-image-217\" alt=\"Blaue Taste\" src=\"http:\/\/eup.bz.it\/wordpress\/wp-content\/uploads\/2013\/05\/zaehler_5.jpg\" width=\"192\" height=\"144\" \/><\/p>\n<p>&nbsp;<\/p>\n<p>&nbsp;<\/p>\n<p>Pulsante blu(sempre accedibile)<\/p>\n<p>&nbsp;<\/p>\n<p>&nbsp;<\/p>\n<p>&nbsp;<\/p>\n<p>&nbsp;<\/p>\n<p>&nbsp;<\/p>\n<p>&nbsp;<\/p>\n<p>&nbsp;<\/p>\n<p>&nbsp;<\/p>\n<p>&nbsp;<\/p>\n<p>&nbsp;<\/p>\n","protected":false},"excerpt":{"rendered":"<p>Reset Contatori Funzionamento dell&#8217;interruzione della potenza Esempio: Potenza contrattuale = 3000 W Potenza disponibile = 3300 W Potenza massima brevemente disponibile = 4100 W Periodo di superamento potenza disponibile = 5640 s Periodo di superamento potenza massima = 240 s &nbsp; a) La potenza attuale si trova tra 3300 W e 4100 W Quando il [&hellip;]<\/p>\n","protected":false},"author":1,"featured_media":0,"parent":360,"menu_order":2,"comment_status":"closed","ping_status":"closed","template":"","meta":{"footnotes":""},"class_list":["post-364","page","type-page","status-publish","hentry"],"yoast_head":"<!-- This site is optimized with the Yoast SEO plugin v27.2 - https:\/\/yoast.com\/product\/yoast-seo-wordpress\/ -->\n<title>Reset Contatori ~ EU | P KONSORTIAL GMBH<\/title>\n<meta name=\"robots\" content=\"index, follow, max-snippet:-1, max-image-preview:large, max-video-preview:-1\" \/>\n<link rel=\"canonical\" href=\"https:\/\/eup.bz.it\/it\/assistenza\/zaehler-wieder-einschalten\/\" \/>\n<meta property=\"og:locale\" content=\"it_IT\" \/>\n<meta property=\"og:type\" content=\"article\" \/>\n<meta property=\"og:title\" content=\"Reset Contatori ~ EU | P KONSORTIAL GMBH\" \/>\n<meta property=\"og:description\" content=\"Reset Contatori Funzionamento dell&#8217;interruzione della potenza Esempio: Potenza contrattuale = 3000 W Potenza disponibile = 3300 W Potenza massima brevemente disponibile = 4100 W Periodo di superamento potenza disponibile = 5640 s Periodo di superamento potenza massima = 240 s &nbsp; a) La potenza attuale si trova tra 3300 W e 4100 W Quando il [&hellip;]\" \/>\n<meta property=\"og:url\" content=\"https:\/\/eup.bz.it\/it\/assistenza\/zaehler-wieder-einschalten\/\" \/>\n<meta property=\"og:site_name\" content=\"EU | P KONSORTIAL GMBH\" \/>\n<meta property=\"article:modified_time\" content=\"2013-10-11T09:07:35+00:00\" \/>\n<meta property=\"og:image\" content=\"http:\/\/eup.bz.it\/wordpress\/wp-content\/uploads\/2013\/05\/linie.png\" \/>\n<meta name=\"twitter:label1\" content=\"Tempo di lettura stimato\" \/>\n\t<meta name=\"twitter:data1\" content=\"2 minutes\" \/>\n<script type=\"application\/ld+json\" class=\"yoast-schema-graph\">{\"@context\":\"https:\/\/schema.org\",\"@graph\":[{\"@type\":\"WebPage\",\"@id\":\"https:\/\/eup.bz.it\/it\/assistenza\/zaehler-wieder-einschalten\/\",\"url\":\"https:\/\/eup.bz.it\/it\/assistenza\/zaehler-wieder-einschalten\/\",\"name\":\"Reset Contatori ~ EU | P KONSORTIAL GMBH\",\"isPartOf\":{\"@id\":\"https:\/\/eup.bz.it\/#website\"},\"primaryImageOfPage\":{\"@id\":\"https:\/\/eup.bz.it\/it\/assistenza\/zaehler-wieder-einschalten\/#primaryimage\"},\"image\":{\"@id\":\"https:\/\/eup.bz.it\/it\/assistenza\/zaehler-wieder-einschalten\/#primaryimage\"},\"thumbnailUrl\":\"http:\/\/eup.bz.it\/wordpress\/wp-content\/uploads\/2013\/05\/linie.png\",\"datePublished\":\"2013-10-10T11:54:05+00:00\",\"dateModified\":\"2013-10-11T09:07:35+00:00\",\"breadcrumb\":{\"@id\":\"https:\/\/eup.bz.it\/it\/assistenza\/zaehler-wieder-einschalten\/#breadcrumb\"},\"inLanguage\":\"it-IT\",\"potentialAction\":[{\"@type\":\"ReadAction\",\"target\":[\"https:\/\/eup.bz.it\/it\/assistenza\/zaehler-wieder-einschalten\/\"]}]},{\"@type\":\"ImageObject\",\"inLanguage\":\"it-IT\",\"@id\":\"https:\/\/eup.bz.it\/it\/assistenza\/zaehler-wieder-einschalten\/#primaryimage\",\"url\":\"http:\/\/eup.bz.it\/wordpress\/wp-content\/uploads\/2013\/05\/linie.png\",\"contentUrl\":\"http:\/\/eup.bz.it\/wordpress\/wp-content\/uploads\/2013\/05\/linie.png\"},{\"@type\":\"BreadcrumbList\",\"@id\":\"https:\/\/eup.bz.it\/it\/assistenza\/zaehler-wieder-einschalten\/#breadcrumb\",\"itemListElement\":[{\"@type\":\"ListItem\",\"position\":1,\"name\":\"Start\",\"item\":\"https:\/\/eup.bz.it\/it\/impresa\/linee-guida\/\"},{\"@type\":\"ListItem\",\"position\":2,\"name\":\"Assistenza\",\"item\":\"https:\/\/eup.bz.it\/it\/assistenza\/\"},{\"@type\":\"ListItem\",\"position\":3,\"name\":\"Reset Contatori\"}]},{\"@type\":\"WebSite\",\"@id\":\"https:\/\/eup.bz.it\/#website\",\"url\":\"https:\/\/eup.bz.it\/\",\"name\":\"EU | P KONSORTIAL GMBH\",\"description\":\"Die EUP (Energie und Umwelt Passeier) setzt sich zum Ziel, ihre Mitglieder mit kosteng\u00fcnstigem Strom zu versorgen, unabh\u00e4ngig von den staatlichen Energiepreisen.\",\"publisher\":{\"@id\":\"https:\/\/eup.bz.it\/#organization\"},\"potentialAction\":[{\"@type\":\"SearchAction\",\"target\":{\"@type\":\"EntryPoint\",\"urlTemplate\":\"https:\/\/eup.bz.it\/?s={search_term_string}\"},\"query-input\":{\"@type\":\"PropertyValueSpecification\",\"valueRequired\":true,\"valueName\":\"search_term_string\"}}],\"inLanguage\":\"it-IT\"},{\"@type\":\"Organization\",\"@id\":\"https:\/\/eup.bz.it\/#organization\",\"name\":\"Energie und Umwelt Passeier\",\"url\":\"https:\/\/eup.bz.it\/\",\"logo\":{\"@type\":\"ImageObject\",\"inLanguage\":\"it-IT\",\"@id\":\"https:\/\/eup.bz.it\/#\/schema\/logo\/image\/\",\"url\":\"https:\/\/eup.bz.it\/wordpress\/wp-content\/uploads\/2026\/03\/Bildschirmfoto-2026-03-18-um-06.40.16.png\",\"contentUrl\":\"https:\/\/eup.bz.it\/wordpress\/wp-content\/uploads\/2026\/03\/Bildschirmfoto-2026-03-18-um-06.40.16.png\",\"width\":374,\"height\":238,\"caption\":\"Energie und Umwelt Passeier\"},\"image\":{\"@id\":\"https:\/\/eup.bz.it\/#\/schema\/logo\/image\/\"}}]}<\/script>\n<!-- \/ Yoast SEO plugin. -->","yoast_head_json":{"title":"Reset Contatori ~ EU | P KONSORTIAL GMBH","robots":{"index":"index","follow":"follow","max-snippet":"max-snippet:-1","max-image-preview":"max-image-preview:large","max-video-preview":"max-video-preview:-1"},"canonical":"https:\/\/eup.bz.it\/it\/assistenza\/zaehler-wieder-einschalten\/","og_locale":"it_IT","og_type":"article","og_title":"Reset Contatori ~ EU | P KONSORTIAL GMBH","og_description":"Reset Contatori Funzionamento dell&#8217;interruzione della potenza Esempio: Potenza contrattuale = 3000 W Potenza disponibile = 3300 W Potenza massima brevemente disponibile = 4100 W Periodo di superamento potenza disponibile = 5640 s Periodo di superamento potenza massima = 240 s &nbsp; a) La potenza attuale si trova tra 3300 W e 4100 W Quando il [&hellip;]","og_url":"https:\/\/eup.bz.it\/it\/assistenza\/zaehler-wieder-einschalten\/","og_site_name":"EU | P KONSORTIAL GMBH","article_modified_time":"2013-10-11T09:07:35+00:00","og_image":[{"url":"http:\/\/eup.bz.it\/wordpress\/wp-content\/uploads\/2013\/05\/linie.png","type":"","width":"","height":""}],"twitter_misc":{"Tempo di lettura stimato":"2 minutes"},"schema":{"@context":"https:\/\/schema.org","@graph":[{"@type":"WebPage","@id":"https:\/\/eup.bz.it\/it\/assistenza\/zaehler-wieder-einschalten\/","url":"https:\/\/eup.bz.it\/it\/assistenza\/zaehler-wieder-einschalten\/","name":"Reset Contatori ~ EU | P KONSORTIAL GMBH","isPartOf":{"@id":"https:\/\/eup.bz.it\/#website"},"primaryImageOfPage":{"@id":"https:\/\/eup.bz.it\/it\/assistenza\/zaehler-wieder-einschalten\/#primaryimage"},"image":{"@id":"https:\/\/eup.bz.it\/it\/assistenza\/zaehler-wieder-einschalten\/#primaryimage"},"thumbnailUrl":"http:\/\/eup.bz.it\/wordpress\/wp-content\/uploads\/2013\/05\/linie.png","datePublished":"2013-10-10T11:54:05+00:00","dateModified":"2013-10-11T09:07:35+00:00","breadcrumb":{"@id":"https:\/\/eup.bz.it\/it\/assistenza\/zaehler-wieder-einschalten\/#breadcrumb"},"inLanguage":"it-IT","potentialAction":[{"@type":"ReadAction","target":["https:\/\/eup.bz.it\/it\/assistenza\/zaehler-wieder-einschalten\/"]}]},{"@type":"ImageObject","inLanguage":"it-IT","@id":"https:\/\/eup.bz.it\/it\/assistenza\/zaehler-wieder-einschalten\/#primaryimage","url":"http:\/\/eup.bz.it\/wordpress\/wp-content\/uploads\/2013\/05\/linie.png","contentUrl":"http:\/\/eup.bz.it\/wordpress\/wp-content\/uploads\/2013\/05\/linie.png"},{"@type":"BreadcrumbList","@id":"https:\/\/eup.bz.it\/it\/assistenza\/zaehler-wieder-einschalten\/#breadcrumb","itemListElement":[{"@type":"ListItem","position":1,"name":"Start","item":"https:\/\/eup.bz.it\/it\/impresa\/linee-guida\/"},{"@type":"ListItem","position":2,"name":"Assistenza","item":"https:\/\/eup.bz.it\/it\/assistenza\/"},{"@type":"ListItem","position":3,"name":"Reset Contatori"}]},{"@type":"WebSite","@id":"https:\/\/eup.bz.it\/#website","url":"https:\/\/eup.bz.it\/","name":"EU | P KONSORTIAL GMBH","description":"Die EUP (Energie und Umwelt Passeier) setzt sich zum Ziel, ihre Mitglieder mit kosteng\u00fcnstigem Strom zu versorgen, unabh\u00e4ngig von den staatlichen Energiepreisen.","publisher":{"@id":"https:\/\/eup.bz.it\/#organization"},"potentialAction":[{"@type":"SearchAction","target":{"@type":"EntryPoint","urlTemplate":"https:\/\/eup.bz.it\/?s={search_term_string}"},"query-input":{"@type":"PropertyValueSpecification","valueRequired":true,"valueName":"search_term_string"}}],"inLanguage":"it-IT"},{"@type":"Organization","@id":"https:\/\/eup.bz.it\/#organization","name":"Energie und Umwelt Passeier","url":"https:\/\/eup.bz.it\/","logo":{"@type":"ImageObject","inLanguage":"it-IT","@id":"https:\/\/eup.bz.it\/#\/schema\/logo\/image\/","url":"https:\/\/eup.bz.it\/wordpress\/wp-content\/uploads\/2026\/03\/Bildschirmfoto-2026-03-18-um-06.40.16.png","contentUrl":"https:\/\/eup.bz.it\/wordpress\/wp-content\/uploads\/2026\/03\/Bildschirmfoto-2026-03-18-um-06.40.16.png","width":374,"height":238,"caption":"Energie und Umwelt Passeier"},"image":{"@id":"https:\/\/eup.bz.it\/#\/schema\/logo\/image\/"}}]}},"_links":{"self":[{"href":"https:\/\/eup.bz.it\/it\/wp-json\/wp\/v2\/pages\/364","targetHints":{"allow":["GET"]}}],"collection":[{"href":"https:\/\/eup.bz.it\/it\/wp-json\/wp\/v2\/pages"}],"about":[{"href":"https:\/\/eup.bz.it\/it\/wp-json\/wp\/v2\/types\/page"}],"author":[{"embeddable":true,"href":"https:\/\/eup.bz.it\/it\/wp-json\/wp\/v2\/users\/1"}],"replies":[{"embeddable":true,"href":"https:\/\/eup.bz.it\/it\/wp-json\/wp\/v2\/comments?post=364"}],"version-history":[{"count":3,"href":"https:\/\/eup.bz.it\/it\/wp-json\/wp\/v2\/pages\/364\/revisions"}],"predecessor-version":[{"id":425,"href":"https:\/\/eup.bz.it\/it\/wp-json\/wp\/v2\/pages\/364\/revisions\/425"}],"up":[{"embeddable":true,"href":"https:\/\/eup.bz.it\/it\/wp-json\/wp\/v2\/pages\/360"}],"wp:attachment":[{"href":"https:\/\/eup.bz.it\/it\/wp-json\/wp\/v2\/media?parent=364"}],"curies":[{"name":"wp","href":"https:\/\/api.w.org\/{rel}","templated":true}]}}