{"id":373,"date":"2013-10-10T13:56:57","date_gmt":"2013-10-10T11:56:57","guid":{"rendered":"http:\/\/eup.bz.it\/wordpress\/?page_id=373"},"modified":"2022-11-04T09:42:42","modified_gmt":"2022-11-04T07:42:42","slug":"colophon","status":"publish","type":"page","link":"https:\/\/eup.bz.it\/it\/colophon\/","title":{"rendered":"Colophon"},"content":{"rendered":"<div id=\"post\">\n<h1>Tutti i diritti riservati<\/h1>\n<p>I contenuti di questa webpage sono protetti dal diritto d\u2019autore. La loro riproduzione, in qualsiasi forma, \u00e8 asolutamente vietata.<\/p>\n<p>I diritti di copia dei disegni e grafici sono di propriet\u00e0 dei rispettivi produttori.<\/p>\n<p>Si declina espressamente ogni responsabilit\u00e0 per i contenuti delle pagine a questa collegate, sulle quali si dichiara di non avere alcuna influenza, n\u00e8 per i contenuti, n\u00e8 per la presentazione. Viene esclusa pertanto qualsiasi responsabilit\u00e0 o pretesa di garanzia che potrebbe derivare da pagine collegate. Si prendono le distanze inoltre dalle opinioni espresse in tali pagine in quanto esse non possono in ogni caso corrispondere a quelle degli autori del presente sito internet.<\/p>\n<h3>Copyright:<\/h3>\n<p><strong>EU | P SOCIET\u00c0 COOPERATIVA<\/strong><br \/>\n39015 S. Leonardo i. P.<br \/>\nvia carbonai 73\/a<\/p>\n<p>Tel. 0473 49 23 75<br \/>\nFax 0473 49 23 76<\/p>\n<p><a href=\"mailto:%69%6E%66%6F%40%65%75%70%2E%62%7A%2E%69%74\">info@eup.bz.it<\/a><br \/>\n<a href=\"mailto:eup@legalmail.it\">eup@legalmail.it<\/a><br \/>\n<a href=\"http:\/\/www.eup.bz.it\">www.eup.bz.it<\/a><\/p>\n<p>&nbsp;<\/p>\n<\/div>\n<h3><strong> Design sito internet:<\/strong><\/h3>\n<p><a title=\"www.freiraum.bz.it\" href=\"http:\/\/freiraum.bz.it\/\">freiraum\u2019<\/a><br \/>\ndi Jana Pfitscher &amp; Barbara Pixner<br \/>\nvia villaggio 18<br \/>\n39010 San Martino in Passiria<br \/>\nTel. +39 0473 650018<\/p>\n<h3>Programmazione sito internet:<\/h3>\n<p><a title=\"lukas fahrner\" href=\"http:\/\/fahrner.it\">[lukas fahrner]<\/a><br \/>\nvia Passiria 16<br \/>\nI-39010 San Martino in Passiria (BZ)<br \/>\nTel. +39 0473 644156<\/p>\n","protected":false},"excerpt":{"rendered":"<p>Tutti i diritti riservati I contenuti di questa webpage sono protetti dal diritto d\u2019autore. La loro riproduzione, in qualsiasi forma, \u00e8 asolutamente vietata. I diritti di copia dei disegni e grafici sono di propriet\u00e0 dei rispettivi produttori. Si declina espressamente ogni responsabilit\u00e0 per i contenuti delle pagine a questa collegate, sulle quali si dichiara di [&hellip;]<\/p>\n","protected":false},"author":1,"featured_media":0,"parent":0,"menu_order":98,"comment_status":"closed","ping_status":"open","template":"","meta":{"footnotes":""},"class_list":["post-373","page","type-page","status-publish","hentry"],"yoast_head":"<!-- This site is optimized with the Yoast SEO plugin v27.2 - https:\/\/yoast.com\/product\/yoast-seo-wordpress\/ -->\n<title>Colophon ~ EU | P KONSORTIAL GMBH<\/title>\n<meta name=\"robots\" content=\"index, follow, max-snippet:-1, max-image-preview:large, max-video-preview:-1\" \/>\n<link rel=\"canonical\" href=\"https:\/\/eup.bz.it\/it\/colophon\/\" \/>\n<meta property=\"og:locale\" content=\"it_IT\" \/>\n<meta property=\"og:type\" content=\"article\" \/>\n<meta property=\"og:title\" content=\"Colophon ~ EU | P KONSORTIAL GMBH\" \/>\n<meta property=\"og:description\" content=\"Tutti i diritti riservati I contenuti di questa webpage sono protetti dal diritto d\u2019autore. La loro riproduzione, in qualsiasi forma, \u00e8 asolutamente vietata. I diritti di copia dei disegni e grafici sono di propriet\u00e0 dei rispettivi produttori. Si declina espressamente ogni responsabilit\u00e0 per i contenuti delle pagine a questa collegate, sulle quali si dichiara di [&hellip;]\" \/>\n<meta property=\"og:url\" content=\"https:\/\/eup.bz.it\/it\/colophon\/\" \/>\n<meta property=\"og:site_name\" content=\"EU | P KONSORTIAL GMBH\" \/>\n<meta property=\"article:modified_time\" content=\"2022-11-04T07:42:42+00:00\" \/>\n<meta property=\"og:image\" content=\"https:\/\/eup.bz.it\/wordpress\/wp-content\/uploads\/2013\/05\/diagramm_beteiligung.png\" \/>\n\t<meta property=\"og:image:width\" content=\"342\" \/>\n\t<meta property=\"og:image:height\" content=\"373\" \/>\n\t<meta property=\"og:image:type\" content=\"image\/png\" \/>\n<meta name=\"twitter:label1\" content=\"Tempo di lettura stimato\" \/>\n\t<meta name=\"twitter:data1\" content=\"1 minute\" \/>\n<script type=\"application\/ld+json\" class=\"yoast-schema-graph\">{\"@context\":\"https:\/\/schema.org\",\"@graph\":[{\"@type\":\"WebPage\",\"@id\":\"https:\/\/eup.bz.it\/it\/colophon\/\",\"url\":\"https:\/\/eup.bz.it\/it\/colophon\/\",\"name\":\"Colophon ~ EU | P KONSORTIAL GMBH\",\"isPartOf\":{\"@id\":\"https:\/\/eup.bz.it\/#website\"},\"datePublished\":\"2013-10-10T11:56:57+00:00\",\"dateModified\":\"2022-11-04T07:42:42+00:00\",\"breadcrumb\":{\"@id\":\"https:\/\/eup.bz.it\/it\/colophon\/#breadcrumb\"},\"inLanguage\":\"it-IT\",\"potentialAction\":[{\"@type\":\"ReadAction\",\"target\":[\"https:\/\/eup.bz.it\/it\/colophon\/\"]}]},{\"@type\":\"BreadcrumbList\",\"@id\":\"https:\/\/eup.bz.it\/it\/colophon\/#breadcrumb\",\"itemListElement\":[{\"@type\":\"ListItem\",\"position\":1,\"name\":\"Start\",\"item\":\"https:\/\/eup.bz.it\/it\/impresa\/linee-guida\/\"},{\"@type\":\"ListItem\",\"position\":2,\"name\":\"Colophon\"}]},{\"@type\":\"WebSite\",\"@id\":\"https:\/\/eup.bz.it\/#website\",\"url\":\"https:\/\/eup.bz.it\/\",\"name\":\"EU | P KONSORTIAL GMBH\",\"description\":\"Die EUP (Energie und Umwelt Passeier) setzt sich zum Ziel, ihre Mitglieder mit kosteng\u00fcnstigem Strom zu versorgen, unabh\u00e4ngig von den staatlichen Energiepreisen.\",\"publisher\":{\"@id\":\"https:\/\/eup.bz.it\/#organization\"},\"potentialAction\":[{\"@type\":\"SearchAction\",\"target\":{\"@type\":\"EntryPoint\",\"urlTemplate\":\"https:\/\/eup.bz.it\/?s={search_term_string}\"},\"query-input\":{\"@type\":\"PropertyValueSpecification\",\"valueRequired\":true,\"valueName\":\"search_term_string\"}}],\"inLanguage\":\"it-IT\"},{\"@type\":\"Organization\",\"@id\":\"https:\/\/eup.bz.it\/#organization\",\"name\":\"Energie und Umwelt Passeier\",\"url\":\"https:\/\/eup.bz.it\/\",\"logo\":{\"@type\":\"ImageObject\",\"inLanguage\":\"it-IT\",\"@id\":\"https:\/\/eup.bz.it\/#\/schema\/logo\/image\/\",\"url\":\"https:\/\/eup.bz.it\/wordpress\/wp-content\/uploads\/2026\/03\/Bildschirmfoto-2026-03-18-um-06.40.16.png\",\"contentUrl\":\"https:\/\/eup.bz.it\/wordpress\/wp-content\/uploads\/2026\/03\/Bildschirmfoto-2026-03-18-um-06.40.16.png\",\"width\":374,\"height\":238,\"caption\":\"Energie und Umwelt Passeier\"},\"image\":{\"@id\":\"https:\/\/eup.bz.it\/#\/schema\/logo\/image\/\"}}]}<\/script>\n<!-- \/ Yoast SEO plugin. -->","yoast_head_json":{"title":"Colophon ~ EU | P KONSORTIAL GMBH","robots":{"index":"index","follow":"follow","max-snippet":"max-snippet:-1","max-image-preview":"max-image-preview:large","max-video-preview":"max-video-preview:-1"},"canonical":"https:\/\/eup.bz.it\/it\/colophon\/","og_locale":"it_IT","og_type":"article","og_title":"Colophon ~ EU | P KONSORTIAL GMBH","og_description":"Tutti i diritti riservati I contenuti di questa webpage sono protetti dal diritto d\u2019autore. La loro riproduzione, in qualsiasi forma, \u00e8 asolutamente vietata. I diritti di copia dei disegni e grafici sono di propriet\u00e0 dei rispettivi produttori. Si declina espressamente ogni responsabilit\u00e0 per i contenuti delle pagine a questa collegate, sulle quali si dichiara di [&hellip;]","og_url":"https:\/\/eup.bz.it\/it\/colophon\/","og_site_name":"EU | P KONSORTIAL GMBH","article_modified_time":"2022-11-04T07:42:42+00:00","og_image":[{"width":342,"height":373,"url":"https:\/\/eup.bz.it\/wordpress\/wp-content\/uploads\/2013\/05\/diagramm_beteiligung.png","type":"image\/png"}],"twitter_misc":{"Tempo di lettura stimato":"1 minute"},"schema":{"@context":"https:\/\/schema.org","@graph":[{"@type":"WebPage","@id":"https:\/\/eup.bz.it\/it\/colophon\/","url":"https:\/\/eup.bz.it\/it\/colophon\/","name":"Colophon ~ EU | P KONSORTIAL GMBH","isPartOf":{"@id":"https:\/\/eup.bz.it\/#website"},"datePublished":"2013-10-10T11:56:57+00:00","dateModified":"2022-11-04T07:42:42+00:00","breadcrumb":{"@id":"https:\/\/eup.bz.it\/it\/colophon\/#breadcrumb"},"inLanguage":"it-IT","potentialAction":[{"@type":"ReadAction","target":["https:\/\/eup.bz.it\/it\/colophon\/"]}]},{"@type":"BreadcrumbList","@id":"https:\/\/eup.bz.it\/it\/colophon\/#breadcrumb","itemListElement":[{"@type":"ListItem","position":1,"name":"Start","item":"https:\/\/eup.bz.it\/it\/impresa\/linee-guida\/"},{"@type":"ListItem","position":2,"name":"Colophon"}]},{"@type":"WebSite","@id":"https:\/\/eup.bz.it\/#website","url":"https:\/\/eup.bz.it\/","name":"EU | P KONSORTIAL GMBH","description":"Die EUP (Energie und Umwelt Passeier) setzt sich zum Ziel, ihre Mitglieder mit kosteng\u00fcnstigem Strom zu versorgen, unabh\u00e4ngig von den staatlichen Energiepreisen.","publisher":{"@id":"https:\/\/eup.bz.it\/#organization"},"potentialAction":[{"@type":"SearchAction","target":{"@type":"EntryPoint","urlTemplate":"https:\/\/eup.bz.it\/?s={search_term_string}"},"query-input":{"@type":"PropertyValueSpecification","valueRequired":true,"valueName":"search_term_string"}}],"inLanguage":"it-IT"},{"@type":"Organization","@id":"https:\/\/eup.bz.it\/#organization","name":"Energie und Umwelt Passeier","url":"https:\/\/eup.bz.it\/","logo":{"@type":"ImageObject","inLanguage":"it-IT","@id":"https:\/\/eup.bz.it\/#\/schema\/logo\/image\/","url":"https:\/\/eup.bz.it\/wordpress\/wp-content\/uploads\/2026\/03\/Bildschirmfoto-2026-03-18-um-06.40.16.png","contentUrl":"https:\/\/eup.bz.it\/wordpress\/wp-content\/uploads\/2026\/03\/Bildschirmfoto-2026-03-18-um-06.40.16.png","width":374,"height":238,"caption":"Energie und Umwelt Passeier"},"image":{"@id":"https:\/\/eup.bz.it\/#\/schema\/logo\/image\/"}}]}},"_links":{"self":[{"href":"https:\/\/eup.bz.it\/it\/wp-json\/wp\/v2\/pages\/373","targetHints":{"allow":["GET"]}}],"collection":[{"href":"https:\/\/eup.bz.it\/it\/wp-json\/wp\/v2\/pages"}],"about":[{"href":"https:\/\/eup.bz.it\/it\/wp-json\/wp\/v2\/types\/page"}],"author":[{"embeddable":true,"href":"https:\/\/eup.bz.it\/it\/wp-json\/wp\/v2\/users\/1"}],"replies":[{"embeddable":true,"href":"https:\/\/eup.bz.it\/it\/wp-json\/wp\/v2\/comments?post=373"}],"version-history":[{"count":3,"href":"https:\/\/eup.bz.it\/it\/wp-json\/wp\/v2\/pages\/373\/revisions"}],"predecessor-version":[{"id":671,"href":"https:\/\/eup.bz.it\/it\/wp-json\/wp\/v2\/pages\/373\/revisions\/671"}],"wp:attachment":[{"href":"https:\/\/eup.bz.it\/it\/wp-json\/wp\/v2\/media?parent=373"}],"curies":[{"name":"wp","href":"https:\/\/api.w.org\/{rel}","templated":true}]}}