{"id":375,"date":"2013-10-10T13:57:44","date_gmt":"2013-10-10T11:57:44","guid":{"rendered":"http:\/\/eup.bz.it\/wordpress\/?page_id=375"},"modified":"2013-10-11T11:57:54","modified_gmt":"2013-10-11T09:57:54","slug":"privacy-2","status":"publish","type":"page","link":"https:\/\/eup.bz.it\/it\/privacy-2\/","title":{"rendered":"Privacy"},"content":{"rendered":"<h1>Codice della privacy<\/h1>\n<p><strong>Informativa resa ai sensi del DLGS del 30\/06\/2003 \u201cCODICE DELLA PRIVACY\u201d<\/strong><\/p>\n<p><strong>I N F O R M A T I V A<\/strong><\/p>\n<p>Ai sensi dell\u2019art. 13, Dlgs 30 giugno 2003 nr. 196, INFORMIAMO che la nostra impresa\u00a0<strong>EU | P SOCIET\u00c0 COOPERATIVA<\/strong>\u00a0 \u2013\u00a0via carbonai 73\/a\u00a0 \u2013 39015 San Leonardo in Passiria, Codice fiscale: 02672060213,\u00a0 tratta dati personali di clienti e fornitori e di soggetti che comunicano volontariamente (telefonicamente o via fax o via e-mail) i loro dati anagrafici a noi.<br \/>\nTutti questi dati personali sono esclusivamente di natura comune.<\/p>\n<p>La nostra ditta garantisce nell\u2019ambito delle previsioni normative che il trattamento dei dati personali si svolge nel rispetto dei diritti e delle libert\u00e0 fondamentali, nonch\u00e9 della dignit\u00e0 dell\u2019interessato, con particolare riferimento alla riservatezza, all\u2019identit\u00e0 personale e al diritto alla protezione dei dati personali.<\/p>\n<p>Finalit\u00e0 del trattamento:<\/p>\n<ul>\n<li>\u00a0adempiere gli obblighi di legge, dai regolamenti, dalla normativa comunitaria, da norme civilistiche e fiscali<\/li>\n<li>adempiere agli eventuali obblighi contrattuali nei confronti del interessato;<\/li>\n<li>adempiere attivit\u00e0 connessi all\u2019attivit\u00e0 economica della nostra societ\u00e0, come compilazione delle anagrafiche e statistiche interne, per la fatturazione, la tenuta della contabilit\u00e0 clienti-fornitori<\/li>\n<li>finalit\u00e0 di tipo commerciale, come invio di informazioni commerciali e materiale pubblicitario (via posta, fax ed e-mail), di marketing e ricerche di mercato;<\/li>\n<li>la tutela dei crediti e la gestione dei debiti;<\/li>\n<li>finalit\u00e0 previdenziali ed assicurative;<\/li>\n<\/ul>\n<p>In relazione alle su indicate finalit\u00e0 i Suoi dati personali verranno comunicati se necessario:<\/p>\n<ul>\n<li>alle Pubbliche Amministrazioni ed Autorit\u00e0, ove previsto dalla legge,<\/li>\n<li>ad Istituti di credito con cui la ns. ditta ha rapporti per la gestione dei crediti\/debiti e l\u2019intermediazione finanziaria,<\/li>\n<li>a tutte quelle persone fisiche e\/o giuridiche, pubbliche e\/o private (studi di consulenza legale, amministrativa e fiscale, studi di consulenza del lavoro per la compilazione della busta paga, uffici giudiziari, Camere di Commercio, Camere ed uffici del Lavoro ecc.), quando la comunicazione risulti necessaria o funzionale allo svolgimento della a nostra attivit\u00e0 e nei modi e per le finalit\u00e0 sopra elencate.<\/li>\n<\/ul>\n<p>I dati personali trattati dalla nostra ditta non sono soggetto a diffusione<\/p>\n<p>Il trattamento potr\u00e0 effettuarsi con o senza l\u2019ausilio di mezzi elettronici e comunque automatizzati e comprender\u00e0 tutte le operazioni previste all\u2019art. 4 comma 1, lettera a, , Dlgs 30 giugno 2003 nr. 196 e necessarie al trattamento in questione. Comunque il trattamento sar\u00e0 effettuato con l\u2019osservanza di ogni misura cautelativa, che ne garantisce la sicurezza e la riservatezza.<\/p>\n<p>&nbsp;<\/p>\n<p>Il Codice della Privacy conferisce agli interessati l\u2019esercizio di specifici diritti di cui all\u2019art. 7. In particolare pu\u00f2 ottenere dal titolare la conferma dell\u2019esistenza o meno di propri dati personali che lo riguardano e la loro comunicazione in forma intelligibile. L\u2019interessato pu\u00f2 altres\u00ec chiedere di conoscere l\u2019origine dei dati, le finalit\u00e0 e modalit\u00e0 del trattamento nonch\u00e9 la logica applicato in caso trattamento effettuato con l\u2019ausilio di strumenti elettronici, l\u2019identificazione degli estremi identificativi del titolare, dei responsabili nominati e dei soggetti e categorie di soggetti ai quali i dati possono essere comunicati o che possono venire a conoscenza. L\u2019interessato ha il diritto di ottenere l\u2019aggiornamento, la rettificazione, l\u2019integrazione, la cancellazione, la trasformazione in via anonima o il blocco dei dati trattati in violazione di legge. L\u2019interessato ha diritto di opporsi, in tutto o in parte, per motivi legittimi al trattamento dei dati personali che lo riguardano, ancorch\u00e9 pertinenti allo scopo della raccolta, e senza motivo al trattamento che lo riguarda a fini di invio di materiale pubblicitario o di vendita diretta o per il compimento di ricerche di mercato o di comunicazione commerciale. I diritti in oggetto possono essere esercitati, anche per il tramite di un incaricato, mediante richiesta rivolta al responsabile nominato con lettera raccomandata.<\/p>\n<p>Il titolare del trattamento \u00e8:\u00a0 Dr. Konrad Pfitscher<\/p>\n<p>S. Leonardo in Passiria, 31 gennaio 2012<\/p>\n","protected":false},"excerpt":{"rendered":"<p>Codice della privacy Informativa resa ai sensi del DLGS del 30\/06\/2003 \u201cCODICE DELLA PRIVACY\u201d I N F O R M A T I V A Ai sensi dell\u2019art. 13, Dlgs 30 giugno 2003 nr. 196, INFORMIAMO che la nostra impresa\u00a0EU | P SOCIET\u00c0 COOPERATIVA\u00a0 \u2013\u00a0via carbonai 73\/a\u00a0 \u2013 39015 San Leonardo in Passiria, Codice fiscale: [&hellip;]<\/p>\n","protected":false},"author":1,"featured_media":0,"parent":0,"menu_order":99,"comment_status":"closed","ping_status":"open","template":"","meta":{"footnotes":""},"class_list":["post-375","page","type-page","status-publish","hentry"],"yoast_head":"<!-- This site is optimized with the Yoast SEO plugin v27.2 - https:\/\/yoast.com\/product\/yoast-seo-wordpress\/ -->\n<title>Privacy ~ EU | P KONSORTIAL GMBH<\/title>\n<meta name=\"robots\" content=\"index, follow, max-snippet:-1, max-image-preview:large, max-video-preview:-1\" \/>\n<link rel=\"canonical\" href=\"https:\/\/eup.bz.it\/it\/privacy-2\/\" \/>\n<meta property=\"og:locale\" content=\"it_IT\" \/>\n<meta property=\"og:type\" content=\"article\" \/>\n<meta property=\"og:title\" content=\"Privacy ~ EU | P KONSORTIAL GMBH\" \/>\n<meta property=\"og:description\" content=\"Codice della privacy Informativa resa ai sensi del DLGS del 30\/06\/2003 \u201cCODICE DELLA PRIVACY\u201d I N F O R M A T I V A Ai sensi dell\u2019art. 13, Dlgs 30 giugno 2003 nr. 196, INFORMIAMO che la nostra impresa\u00a0EU | P SOCIET\u00c0 COOPERATIVA\u00a0 \u2013\u00a0via carbonai 73\/a\u00a0 \u2013 39015 San Leonardo in Passiria, Codice fiscale: [&hellip;]\" \/>\n<meta property=\"og:url\" content=\"https:\/\/eup.bz.it\/it\/privacy-2\/\" \/>\n<meta property=\"og:site_name\" content=\"EU | P KONSORTIAL GMBH\" \/>\n<meta property=\"article:modified_time\" content=\"2013-10-11T09:57:54+00:00\" \/>\n<meta property=\"og:image\" content=\"https:\/\/eup.bz.it\/wordpress\/wp-content\/uploads\/2013\/05\/diagramm_beteiligung.png\" \/>\n\t<meta property=\"og:image:width\" content=\"342\" \/>\n\t<meta property=\"og:image:height\" content=\"373\" \/>\n\t<meta property=\"og:image:type\" content=\"image\/png\" \/>\n<meta name=\"twitter:label1\" content=\"Tempo di lettura stimato\" \/>\n\t<meta name=\"twitter:data1\" content=\"3 minutes\" \/>\n<script type=\"application\/ld+json\" class=\"yoast-schema-graph\">{\"@context\":\"https:\/\/schema.org\",\"@graph\":[{\"@type\":\"WebPage\",\"@id\":\"https:\/\/eup.bz.it\/it\/privacy-2\/\",\"url\":\"https:\/\/eup.bz.it\/it\/privacy-2\/\",\"name\":\"Privacy ~ EU | P KONSORTIAL GMBH\",\"isPartOf\":{\"@id\":\"https:\/\/eup.bz.it\/#website\"},\"datePublished\":\"2013-10-10T11:57:44+00:00\",\"dateModified\":\"2013-10-11T09:57:54+00:00\",\"breadcrumb\":{\"@id\":\"https:\/\/eup.bz.it\/it\/privacy-2\/#breadcrumb\"},\"inLanguage\":\"it-IT\",\"potentialAction\":[{\"@type\":\"ReadAction\",\"target\":[\"https:\/\/eup.bz.it\/it\/privacy-2\/\"]}]},{\"@type\":\"BreadcrumbList\",\"@id\":\"https:\/\/eup.bz.it\/it\/privacy-2\/#breadcrumb\",\"itemListElement\":[{\"@type\":\"ListItem\",\"position\":1,\"name\":\"Start\",\"item\":\"https:\/\/eup.bz.it\/it\/impresa\/linee-guida\/\"},{\"@type\":\"ListItem\",\"position\":2,\"name\":\"Privacy\"}]},{\"@type\":\"WebSite\",\"@id\":\"https:\/\/eup.bz.it\/#website\",\"url\":\"https:\/\/eup.bz.it\/\",\"name\":\"EU | P KONSORTIAL GMBH\",\"description\":\"Die EUP (Energie und Umwelt Passeier) setzt sich zum Ziel, ihre Mitglieder mit kosteng\u00fcnstigem Strom zu versorgen, unabh\u00e4ngig von den staatlichen Energiepreisen.\",\"publisher\":{\"@id\":\"https:\/\/eup.bz.it\/#organization\"},\"potentialAction\":[{\"@type\":\"SearchAction\",\"target\":{\"@type\":\"EntryPoint\",\"urlTemplate\":\"https:\/\/eup.bz.it\/?s={search_term_string}\"},\"query-input\":{\"@type\":\"PropertyValueSpecification\",\"valueRequired\":true,\"valueName\":\"search_term_string\"}}],\"inLanguage\":\"it-IT\"},{\"@type\":\"Organization\",\"@id\":\"https:\/\/eup.bz.it\/#organization\",\"name\":\"Energie und Umwelt Passeier\",\"url\":\"https:\/\/eup.bz.it\/\",\"logo\":{\"@type\":\"ImageObject\",\"inLanguage\":\"it-IT\",\"@id\":\"https:\/\/eup.bz.it\/#\/schema\/logo\/image\/\",\"url\":\"https:\/\/eup.bz.it\/wordpress\/wp-content\/uploads\/2026\/03\/Bildschirmfoto-2026-03-18-um-06.40.16.png\",\"contentUrl\":\"https:\/\/eup.bz.it\/wordpress\/wp-content\/uploads\/2026\/03\/Bildschirmfoto-2026-03-18-um-06.40.16.png\",\"width\":374,\"height\":238,\"caption\":\"Energie und Umwelt Passeier\"},\"image\":{\"@id\":\"https:\/\/eup.bz.it\/#\/schema\/logo\/image\/\"}}]}<\/script>\n<!-- \/ Yoast SEO plugin. -->","yoast_head_json":{"title":"Privacy ~ EU | P KONSORTIAL GMBH","robots":{"index":"index","follow":"follow","max-snippet":"max-snippet:-1","max-image-preview":"max-image-preview:large","max-video-preview":"max-video-preview:-1"},"canonical":"https:\/\/eup.bz.it\/it\/privacy-2\/","og_locale":"it_IT","og_type":"article","og_title":"Privacy ~ EU | P KONSORTIAL GMBH","og_description":"Codice della privacy Informativa resa ai sensi del DLGS del 30\/06\/2003 \u201cCODICE DELLA PRIVACY\u201d I N F O R M A T I V A Ai sensi dell\u2019art. 13, Dlgs 30 giugno 2003 nr. 196, INFORMIAMO che la nostra impresa\u00a0EU | P SOCIET\u00c0 COOPERATIVA\u00a0 \u2013\u00a0via carbonai 73\/a\u00a0 \u2013 39015 San Leonardo in Passiria, Codice fiscale: [&hellip;]","og_url":"https:\/\/eup.bz.it\/it\/privacy-2\/","og_site_name":"EU | P KONSORTIAL GMBH","article_modified_time":"2013-10-11T09:57:54+00:00","og_image":[{"width":342,"height":373,"url":"https:\/\/eup.bz.it\/wordpress\/wp-content\/uploads\/2013\/05\/diagramm_beteiligung.png","type":"image\/png"}],"twitter_misc":{"Tempo di lettura stimato":"3 minutes"},"schema":{"@context":"https:\/\/schema.org","@graph":[{"@type":"WebPage","@id":"https:\/\/eup.bz.it\/it\/privacy-2\/","url":"https:\/\/eup.bz.it\/it\/privacy-2\/","name":"Privacy ~ EU | P KONSORTIAL GMBH","isPartOf":{"@id":"https:\/\/eup.bz.it\/#website"},"datePublished":"2013-10-10T11:57:44+00:00","dateModified":"2013-10-11T09:57:54+00:00","breadcrumb":{"@id":"https:\/\/eup.bz.it\/it\/privacy-2\/#breadcrumb"},"inLanguage":"it-IT","potentialAction":[{"@type":"ReadAction","target":["https:\/\/eup.bz.it\/it\/privacy-2\/"]}]},{"@type":"BreadcrumbList","@id":"https:\/\/eup.bz.it\/it\/privacy-2\/#breadcrumb","itemListElement":[{"@type":"ListItem","position":1,"name":"Start","item":"https:\/\/eup.bz.it\/it\/impresa\/linee-guida\/"},{"@type":"ListItem","position":2,"name":"Privacy"}]},{"@type":"WebSite","@id":"https:\/\/eup.bz.it\/#website","url":"https:\/\/eup.bz.it\/","name":"EU | P KONSORTIAL GMBH","description":"Die EUP (Energie und Umwelt Passeier) setzt sich zum Ziel, ihre Mitglieder mit kosteng\u00fcnstigem Strom zu versorgen, unabh\u00e4ngig von den staatlichen Energiepreisen.","publisher":{"@id":"https:\/\/eup.bz.it\/#organization"},"potentialAction":[{"@type":"SearchAction","target":{"@type":"EntryPoint","urlTemplate":"https:\/\/eup.bz.it\/?s={search_term_string}"},"query-input":{"@type":"PropertyValueSpecification","valueRequired":true,"valueName":"search_term_string"}}],"inLanguage":"it-IT"},{"@type":"Organization","@id":"https:\/\/eup.bz.it\/#organization","name":"Energie und Umwelt Passeier","url":"https:\/\/eup.bz.it\/","logo":{"@type":"ImageObject","inLanguage":"it-IT","@id":"https:\/\/eup.bz.it\/#\/schema\/logo\/image\/","url":"https:\/\/eup.bz.it\/wordpress\/wp-content\/uploads\/2026\/03\/Bildschirmfoto-2026-03-18-um-06.40.16.png","contentUrl":"https:\/\/eup.bz.it\/wordpress\/wp-content\/uploads\/2026\/03\/Bildschirmfoto-2026-03-18-um-06.40.16.png","width":374,"height":238,"caption":"Energie und Umwelt Passeier"},"image":{"@id":"https:\/\/eup.bz.it\/#\/schema\/logo\/image\/"}}]}},"_links":{"self":[{"href":"https:\/\/eup.bz.it\/it\/wp-json\/wp\/v2\/pages\/375","targetHints":{"allow":["GET"]}}],"collection":[{"href":"https:\/\/eup.bz.it\/it\/wp-json\/wp\/v2\/pages"}],"about":[{"href":"https:\/\/eup.bz.it\/it\/wp-json\/wp\/v2\/types\/page"}],"author":[{"embeddable":true,"href":"https:\/\/eup.bz.it\/it\/wp-json\/wp\/v2\/users\/1"}],"replies":[{"embeddable":true,"href":"https:\/\/eup.bz.it\/it\/wp-json\/wp\/v2\/comments?post=375"}],"version-history":[{"count":3,"href":"https:\/\/eup.bz.it\/it\/wp-json\/wp\/v2\/pages\/375\/revisions"}],"predecessor-version":[{"id":435,"href":"https:\/\/eup.bz.it\/it\/wp-json\/wp\/v2\/pages\/375\/revisions\/435"}],"wp:attachment":[{"href":"https:\/\/eup.bz.it\/it\/wp-json\/wp\/v2\/media?parent=375"}],"curies":[{"name":"wp","href":"https:\/\/api.w.org\/{rel}","templated":true}]}}